{"id":6508,"date":"2023-05-01T17:02:39","date_gmt":"2023-05-01T17:02:39","guid":{"rendered":"https:\/\/dev.bandp.sandbox.59aps.com\/?page_id=6508"},"modified":"2023-07-27T18:39:27","modified_gmt":"2023-07-27T18:39:27","slug":"promouvoir-ledi-dans-la-loi","status":"publish","type":"page","link":"https:\/\/internal.bandp.sandbox.59aps.com\/fr\/equite-diversite-et-inclusion\/promouvoir-ledi-dans-la-loi\/","title":{"rendered":"Promouvoir l\u2019EDI dans la loiPromouvoir l\u2019\u00e9quit\u00e9, la diversit\u00e9 et l\u2019inclusion dans le droitPromouvoir l\u2019EDI dans la loi"},"content":{"rendered":"\n<h2>Initiatives d\u2019EDI<\/h2>\n\n\n\n<p>Missing Translation.<\/p>\n","protected":false},"excerpt":{"rendered":"<p>Initiatives d\u2019EDI Missing Translation.<\/p>\n","protected":false},"author":4,"featured_media":6042,"parent":6083,"menu_order":0,"comment_status":"closed","ping_status":"closed","template":"page-toplevel.php","meta":[],"_links":{"self":[{"href":"https:\/\/internal.bandp.sandbox.59aps.com\/fr\/wp-json\/wp\/v2\/pages\/6508"}],"collection":[{"href":"https:\/\/internal.bandp.sandbox.59aps.com\/fr\/wp-json\/wp\/v2\/pages"}],"about":[{"href":"https:\/\/internal.bandp.sandbox.59aps.com\/fr\/wp-json\/wp\/v2\/types\/page"}],"author":[{"embeddable":true,"href":"https:\/\/internal.bandp.sandbox.59aps.com\/fr\/wp-json\/wp\/v2\/users\/4"}],"replies":[{"embeddable":true,"href":"https:\/\/internal.bandp.sandbox.59aps.com\/fr\/wp-json\/wp\/v2\/comments?post=6508"}],"version-history":[{"count":3,"href":"https:\/\/internal.bandp.sandbox.59aps.com\/fr\/wp-json\/wp\/v2\/pages\/6508\/revisions"}],"predecessor-version":[{"id":6520,"href":"https:\/\/internal.bandp.sandbox.59aps.com\/fr\/wp-json\/wp\/v2\/pages\/6508\/revisions\/6520"}],"up":[{"embeddable":true,"href":"https:\/\/internal.bandp.sandbox.59aps.com\/fr\/wp-json\/wp\/v2\/pages\/6083"}],"wp:featuredmedia":[{"embeddable":true,"href":"https:\/\/internal.bandp.sandbox.59aps.com\/fr\/wp-json\/wp\/v2\/media\/6042"}],"wp:attachment":[{"href":"https:\/\/internal.bandp.sandbox.59aps.com\/fr\/wp-json\/wp\/v2\/media?parent=6508"}],"curies":[{"name":"wp","href":"https:\/\/api.w.org\/{rel}","templated":true}]}}