{"id":6309,"date":"2023-07-18T19:43:54","date_gmt":"2023-07-18T19:43:54","guid":{"rendered":"https:\/\/dev.bandp.sandbox.59aps.com\/?page_id=6309"},"modified":"2023-07-18T19:49:53","modified_gmt":"2023-07-18T19:49:53","slug":"notre-reputation","status":"publish","type":"page","link":"https:\/\/internal.bandp.sandbox.59aps.com\/fr\/a-propos-de-nous\/notre-reputation\/","title":{"rendered":"Notre r\u00e9putation"},"content":{"rendered":"\n<p>Les avocats, agents de brevets et marques de Bereskin &amp; Parr sont constamment reconnus comme des chefs de file nationaux et mondiaux dans le domaine de la PI. Nous avons \u00e9t\u00e9 nomm\u00e9s dans d\u2019innombrables publications, notamment dans <em>Expert Guides: The Best of the Best<\/em>, <em>Chambers Global: The World&#8217;s Leading Lawyers for Business<\/em>, <em>The International Who&#8217;s Who of Business Lawyers<\/em>, <em>PLC Which Lawyer?<\/em>, <em>Lexpert\/American Lawyer Guide to the Leading 500 Lawyers in Canada<\/em>, et <em>The Best Lawyers in Canada<\/em>.<\/p>\n\n\n\n<p>De nombreux membres du cabinet ont occup\u00e9 des postes \u00e9minents et respect\u00e9s au sein de la communaut\u00e9 de la PI, notamment&nbsp;:<\/p>\n\n\n\n<ul>\n<li>Pr\u00e9sident \u2013 Association canadienne de la F\u00e9d\u00e9ration Internationale des Conseils en Propri\u00e9t\u00e9 Intellectuelle (FICPI Canada)<\/li>\n\n\n\n<li>Membre \u2013 Commission d\u2019examen des agents de brevets du Bureau des brevets du Canada<\/li>\n\n\n\n<li>Pr\u00e9sident \u2013 Institut de la propri\u00e9t\u00e9 intellectuelle du Canada<\/li>\n\n\n\n<li>Pr\u00e9sident \u2013 Groupe canadien de l\u2019Association internationale pour la protection de la propri\u00e9t\u00e9 intellectuelle<\/li>\n\n\n\n<li>Membre \u2013 Conseil d\u2019administration de l\u2019International Trademark Association<\/li>\n<\/ul>\n\n\n\n<p>Nous sommes des leaders d\u2019opinion et publions r\u00e9guli\u00e8rement des articles dans des publications et revues juridiques et sectorielles de premier plan. Plusieurs d\u2019entre eux ont \u00e9galement donn\u00e9 des cours sur la PI dans des facult\u00e9s de droit canadiennes, ont pris la parole lors de conf\u00e9rences ou de s\u00e9minaires internationaux traitant de la PI et ont apport\u00e9 leur expertise professionnelle \u00e0 divers m\u00e9dias.<\/p>\n\n\n\n<p>Nos professionnels ont le privil\u00e8ge d\u2019\u00eatre soutenus par un personnel d\u00e9vou\u00e9 et exp\u00e9riment\u00e9 qui contribue \u00e0 garantir que notre travail est toujours pr\u00e9cis et opportun.<\/p>\n","protected":false},"excerpt":{"rendered":"<p>Les avocats, agents de brevets et marques de Bereskin &amp; Parr sont constamment reconnus comme des chefs de file nationaux et mondiaux dans le domaine de la PI. Nous avons \u00e9t\u00e9 nomm\u00e9s dans d\u2019innombrables publications, notamment dans Expert Guides: The Best of the Best, Chambers Global: The World&#8217;s Leading Lawyers for Business, The International Who&#8217;s [&hellip;]<\/p>\n","protected":false},"author":2,"featured_media":6042,"parent":6089,"menu_order":0,"comment_status":"closed","ping_status":"closed","template":"page-toplevel.php","meta":[],"_links":{"self":[{"href":"https:\/\/internal.bandp.sandbox.59aps.com\/fr\/wp-json\/wp\/v2\/pages\/6309"}],"collection":[{"href":"https:\/\/internal.bandp.sandbox.59aps.com\/fr\/wp-json\/wp\/v2\/pages"}],"about":[{"href":"https:\/\/internal.bandp.sandbox.59aps.com\/fr\/wp-json\/wp\/v2\/types\/page"}],"author":[{"embeddable":true,"href":"https:\/\/internal.bandp.sandbox.59aps.com\/fr\/wp-json\/wp\/v2\/users\/2"}],"replies":[{"embeddable":true,"href":"https:\/\/internal.bandp.sandbox.59aps.com\/fr\/wp-json\/wp\/v2\/comments?post=6309"}],"version-history":[{"count":1,"href":"https:\/\/internal.bandp.sandbox.59aps.com\/fr\/wp-json\/wp\/v2\/pages\/6309\/revisions"}],"predecessor-version":[{"id":6310,"href":"https:\/\/internal.bandp.sandbox.59aps.com\/fr\/wp-json\/wp\/v2\/pages\/6309\/revisions\/6310"}],"up":[{"embeddable":true,"href":"https:\/\/internal.bandp.sandbox.59aps.com\/fr\/wp-json\/wp\/v2\/pages\/6089"}],"wp:featuredmedia":[{"embeddable":true,"href":"https:\/\/internal.bandp.sandbox.59aps.com\/fr\/wp-json\/wp\/v2\/media\/6042"}],"wp:attachment":[{"href":"https:\/\/internal.bandp.sandbox.59aps.com\/fr\/wp-json\/wp\/v2\/media?parent=6309"}],"curies":[{"name":"wp","href":"https:\/\/api.w.org\/{rel}","templated":true}]}}