{"id":6293,"date":"2023-05-10T13:43:22","date_gmt":"2023-05-10T13:43:22","guid":{"rendered":"https:\/\/dev.bandp.sandbox.59aps.com\/?page_id=6293"},"modified":"2023-07-27T19:26:31","modified_gmt":"2023-07-27T19:26:31","slug":"balados","status":"publish","type":"page","link":"https:\/\/internal.bandp.sandbox.59aps.com\/fr\/actualites-et-idees\/balados\/","title":{"rendered":"Balados"},"content":{"rendered":"<h2>Balado sur le droit de la propri\u00e9t\u00e9 intellectuelle<\/h2>\n<h3>Anim\u00e9 par Bereskin &amp; Parr LLP<\/h3>\n<p>Explorez les cadres de la propri\u00e9t\u00e9 intellectuelle avec le balado de Bereskin &amp; Parr, co-anim\u00e9 par Donald Cameron et Micheline Gravelle. Dans ce balado, d\u2019\u00e9minents experts canadiens discuteront de sujets importants et pratiques en mati\u00e8re de propri\u00e9t\u00e9 intellectuelle.<\/p>\n","protected":false},"excerpt":{"rendered":"<p>Balado sur le droit de la propri\u00e9t\u00e9 intellectuelle Anim\u00e9 par Bereskin &amp; Parr LLP Explorez les cadres de la propri\u00e9t\u00e9 intellectuelle avec le balado de Bereskin &amp; Parr, co-anim\u00e9 par Donald Cameron et Micheline Gravelle. Dans ce balado, d\u2019\u00e9minents experts canadiens discuteront de sujets importants et pratiques en mati\u00e8re de propri\u00e9t\u00e9 intellectuelle.<\/p>\n","protected":false},"author":2,"featured_media":6058,"parent":6085,"menu_order":0,"comment_status":"closed","ping_status":"closed","template":"","meta":[],"_links":{"self":[{"href":"https:\/\/internal.bandp.sandbox.59aps.com\/fr\/wp-json\/wp\/v2\/pages\/6293"}],"collection":[{"href":"https:\/\/internal.bandp.sandbox.59aps.com\/fr\/wp-json\/wp\/v2\/pages"}],"about":[{"href":"https:\/\/internal.bandp.sandbox.59aps.com\/fr\/wp-json\/wp\/v2\/types\/page"}],"author":[{"embeddable":true,"href":"https:\/\/internal.bandp.sandbox.59aps.com\/fr\/wp-json\/wp\/v2\/users\/2"}],"replies":[{"embeddable":true,"href":"https:\/\/internal.bandp.sandbox.59aps.com\/fr\/wp-json\/wp\/v2\/comments?post=6293"}],"version-history":[{"count":2,"href":"https:\/\/internal.bandp.sandbox.59aps.com\/fr\/wp-json\/wp\/v2\/pages\/6293\/revisions"}],"predecessor-version":[{"id":6616,"href":"https:\/\/internal.bandp.sandbox.59aps.com\/fr\/wp-json\/wp\/v2\/pages\/6293\/revisions\/6616"}],"up":[{"embeddable":true,"href":"https:\/\/internal.bandp.sandbox.59aps.com\/fr\/wp-json\/wp\/v2\/pages\/6085"}],"wp:featuredmedia":[{"embeddable":true,"href":"https:\/\/internal.bandp.sandbox.59aps.com\/fr\/wp-json\/wp\/v2\/media\/6058"}],"wp:attachment":[{"href":"https:\/\/internal.bandp.sandbox.59aps.com\/fr\/wp-json\/wp\/v2\/media?parent=6293"}],"curies":[{"name":"wp","href":"https:\/\/api.w.org\/{rel}","templated":true}]}}