{"id":6093,"date":"2023-05-18T20:56:10","date_gmt":"2023-05-18T20:56:10","guid":{"rendered":"https:\/\/dev.bandp.sandbox.59aps.com\/?page_id=6093"},"modified":"2023-07-20T15:37:57","modified_gmt":"2023-07-20T15:37:57","slug":"contactez-nous","status":"publish","type":"page","link":"https:\/\/internal.bandp.sandbox.59aps.com\/fr\/contactez-nous\/","title":{"rendered":"Contactez-nous"},"content":{"rendered":"\n<h2>Prendre contact avec nous<\/h2>\n\n\n\n<p>Nos bureaux sont situ\u00e9s dans quatre grandes r\u00e9gions technologiques et \u00e9conomiques\u00a0: Toronto, Mississauga, Waterloo et Montr\u00e9al. Nous nous sommes \u00e9tablis dans ces villes afin de pouvoir servir ais\u00e9ment nos clients dans divers secteurs d\u2019activit\u00e9 en pleine croissance. Chaque bureau est soutenu par un personnel d\u00e9vou\u00e9 et chevronn\u00e9 qui contribue \u00e0 garantir que notre travail est pr\u00e9cis et r\u00e9alis\u00e9 selon les \u00e9ch\u00e9anciers \u00e9tablis. En fournissant des services int\u00e9gr\u00e9s en mati\u00e8re de brevets, de marques de commerce et de droits d\u2019auteur dans de nombreux secteurs et industries sp\u00e9cialis\u00e9s, le cabinet continue d\u2019\u00eatre reconnu comme la r\u00e9f\u00e9rence en mati\u00e8re de droit de la propri\u00e9t\u00e9 intellectuelle au Canada.<\/p>\n\n\n\n<p><strong><strong>Pour toute demande, veuillez envoyer un courriel \u00e0<\/strong>\u00a0<a href=\"mailto:info@bereskinparr.com\">info@bereskinparr.com<\/a><\/strong>.<\/p>\n\n\n\n<p><strong><strong>Pour toute question concernant les comptes fournisseurs, veuillez envoyer un courriel \u00e0<\/strong>\u00a0<a href=\"mailto:payables@bereskinparr.com\">payables@bereskinparr.com<\/a>.<\/strong><\/p>\n\n\n\n<h3>Heures de bureau<\/h3>\n\n\n\n<p>Veuillez noter que les heures normales d&#8217;ouverture de nos bureaux sont du lundi au vendredi, de 8h30 \u00e0 17h30 HNE.<\/p>\n\n\n\n<p>Toute instruction re\u00e7ue apr\u00e8s 16h30 HNE sera revue le jour ouvrable suivant, \u00e0 moins d&#8217;avoir \u00e9tabli une entente avec nous \u00e0 l&#8217;avance.<\/p>\n","protected":false},"excerpt":{"rendered":"<p>Prendre contact avec nous Nos bureaux sont situ\u00e9s dans quatre grandes r\u00e9gions technologiques et \u00e9conomiques\u00a0: Toronto, Mississauga, Waterloo et Montr\u00e9al. Nous nous sommes \u00e9tablis dans ces villes afin de pouvoir servir ais\u00e9ment nos clients dans divers secteurs d\u2019activit\u00e9 en pleine croissance. Chaque bureau est soutenu par un personnel d\u00e9vou\u00e9 et chevronn\u00e9 qui contribue \u00e0 garantir [&hellip;]<\/p>\n","protected":false},"author":1,"featured_media":6403,"parent":0,"menu_order":0,"comment_status":"closed","ping_status":"closed","template":"page-toplevel.php","meta":[],"_links":{"self":[{"href":"https:\/\/internal.bandp.sandbox.59aps.com\/fr\/wp-json\/wp\/v2\/pages\/6093"}],"collection":[{"href":"https:\/\/internal.bandp.sandbox.59aps.com\/fr\/wp-json\/wp\/v2\/pages"}],"about":[{"href":"https:\/\/internal.bandp.sandbox.59aps.com\/fr\/wp-json\/wp\/v2\/types\/page"}],"author":[{"embeddable":true,"href":"https:\/\/internal.bandp.sandbox.59aps.com\/fr\/wp-json\/wp\/v2\/users\/1"}],"replies":[{"embeddable":true,"href":"https:\/\/internal.bandp.sandbox.59aps.com\/fr\/wp-json\/wp\/v2\/comments?post=6093"}],"version-history":[{"count":2,"href":"https:\/\/internal.bandp.sandbox.59aps.com\/fr\/wp-json\/wp\/v2\/pages\/6093\/revisions"}],"predecessor-version":[{"id":6451,"href":"https:\/\/internal.bandp.sandbox.59aps.com\/fr\/wp-json\/wp\/v2\/pages\/6093\/revisions\/6451"}],"wp:featuredmedia":[{"embeddable":true,"href":"https:\/\/internal.bandp.sandbox.59aps.com\/fr\/wp-json\/wp\/v2\/media\/6403"}],"wp:attachment":[{"href":"https:\/\/internal.bandp.sandbox.59aps.com\/fr\/wp-json\/wp\/v2\/media?parent=6093"}],"curies":[{"name":"wp","href":"https:\/\/api.w.org\/{rel}","templated":true}]}}