{"id":6089,"date":"2023-04-26T17:10:56","date_gmt":"2023-04-26T17:10:56","guid":{"rendered":"https:\/\/dev.bandp.sandbox.59aps.com\/?page_id=6089"},"modified":"2023-07-18T19:40:45","modified_gmt":"2023-07-18T19:40:45","slug":"a-propos-de-nous","status":"publish","type":"page","link":"https:\/\/internal.bandp.sandbox.59aps.com\/fr\/a-propos-de-nous\/","title":{"rendered":"\u00c0 propos de nous"},"content":{"rendered":"\n<p>Chez Bereskin &amp; Parr, nous sommes passionn\u00e9s par la propri\u00e9t\u00e9 intellectuelle.&nbsp; Nous excellons dans la protection et la mon\u00e9tisation de la cr\u00e9ativit\u00e9 et de l\u2019innovation.&nbsp; Nous aidons nos clients \u00e0 b\u00e2tir des entreprises prosp\u00e8res, dont beaucoup ont transform\u00e9 leur secteur d\u2019activit\u00e9 et, dans certains cas, le monde. C\u2019est cette passion qui a pouss\u00e9 nos associ\u00e9s fondateurs \u00e0 ouvrir un cabinet sp\u00e9cialis\u00e9 en propri\u00e9t\u00e9 intellectuelle en 1965, et qui nous a permis de devenir l\u2019un des cabinets de PI les plus importants et les plus r\u00e9put\u00e9s du Canada.<\/p>\n\n\n\n<p>Nous veillons \u00e0 bien comprendre les objectifs commerciaux de chacun de nos clients, leur situation actuelle et leurs objectifs futurs. Ces renseignements font partie int\u00e9grante de la cr\u00e9ation d\u2019une feuille de route solide et d\u2019un partenariat r\u00e9ussi.<\/p>\n\n\n\n<p>Tous nos avocats, agents de brevets et agents de marques s\u2019investissent profond\u00e9ment dans la r\u00e9ussite de nos clients, et nous sommes l\u00e0 pour aider \u00e0 long terme. Cet engagement se traduit par des conseils de premier plan, dispens\u00e9s par un groupe de professionnels talentueux dot\u00e9s de dipl\u00f4mes techniques de haut niveau et d\u2019une exp\u00e9rience consid\u00e9rable, ainsi que par une l\u2019approche pratique que nous adoptons pour fournir et mettre en \u0153uvre ces conseils.<\/p>\n\n\n\n<p>Que vous vous adressiez \u00e0 nous pour des services de strat\u00e9gie et de conseil en mati\u00e8re de PI, de brevets, de marques, de contrats technologiques, de litiges en mati\u00e8re de PI ou pour l\u2019un de nos autres services, vous pouvez compter sur le soutien d\u2019une \u00e9quipe chevronn\u00e9e et prim\u00e9e, sur des conseils juridiques honn\u00eates et efficaces, ainsi que sur des syst\u00e8mes \u00e9prouv\u00e9s pour vous aider \u00e0 satisfaire \u00e0 vos besoins.<\/p>\n","protected":false},"excerpt":{"rendered":"<p>Chez Bereskin &amp; Parr, nous sommes passionn\u00e9s par la propri\u00e9t\u00e9 intellectuelle.&nbsp; Nous excellons dans la protection et la mon\u00e9tisation de la cr\u00e9ativit\u00e9 et de l\u2019innovation.&nbsp; Nous aidons nos clients \u00e0 b\u00e2tir des entreprises prosp\u00e8res, dont beaucoup ont transform\u00e9 leur secteur d\u2019activit\u00e9 et, dans certains cas, le monde. C\u2019est cette passion qui a pouss\u00e9 nos associ\u00e9s [&hellip;]<\/p>\n","protected":false},"author":1,"featured_media":5830,"parent":0,"menu_order":0,"comment_status":"closed","ping_status":"closed","template":"page-toplevel.php","meta":[],"_links":{"self":[{"href":"https:\/\/internal.bandp.sandbox.59aps.com\/fr\/wp-json\/wp\/v2\/pages\/6089"}],"collection":[{"href":"https:\/\/internal.bandp.sandbox.59aps.com\/fr\/wp-json\/wp\/v2\/pages"}],"about":[{"href":"https:\/\/internal.bandp.sandbox.59aps.com\/fr\/wp-json\/wp\/v2\/types\/page"}],"author":[{"embeddable":true,"href":"https:\/\/internal.bandp.sandbox.59aps.com\/fr\/wp-json\/wp\/v2\/users\/1"}],"replies":[{"embeddable":true,"href":"https:\/\/internal.bandp.sandbox.59aps.com\/fr\/wp-json\/wp\/v2\/comments?post=6089"}],"version-history":[{"count":2,"href":"https:\/\/internal.bandp.sandbox.59aps.com\/fr\/wp-json\/wp\/v2\/pages\/6089\/revisions"}],"predecessor-version":[{"id":6299,"href":"https:\/\/internal.bandp.sandbox.59aps.com\/fr\/wp-json\/wp\/v2\/pages\/6089\/revisions\/6299"}],"wp:featuredmedia":[{"embeddable":true,"href":"https:\/\/internal.bandp.sandbox.59aps.com\/fr\/wp-json\/wp\/v2\/media\/5830"}],"wp:attachment":[{"href":"https:\/\/internal.bandp.sandbox.59aps.com\/fr\/wp-json\/wp\/v2\/media?parent=6089"}],"curies":[{"name":"wp","href":"https:\/\/api.w.org\/{rel}","templated":true}]}}