{"id":5953,"date":"2022-08-29T20:16:34","date_gmt":"2022-08-29T20:16:34","guid":{"rendered":"https:\/\/dev.bandp.sandbox.59aps.com\/?page_id=5953"},"modified":"2023-07-25T19:34:49","modified_gmt":"2023-07-25T19:34:49","slug":"politique-de-confidentialite","status":"publish","type":"page","link":"https:\/\/internal.bandp.sandbox.59aps.com\/fr\/politique-de-confidentialite\/","title":{"rendered":"Politique de Confidentialit\u00e9"},"content":{"rendered":"\n<p>Bereskin &amp; Parr S.E.N.C.R.L., s.r.l. est un cabinet sp\u00e9cialis\u00e9 en droit de la propri\u00e9t\u00e9 intellectuelle ayant des bureaux en Ontario (Toronto, Mississauga et la r\u00e9gion de Waterloo) et au Qu\u00e9bec (Montr\u00e9al). Les avocats, les agents de brevets et de marques de commerce et le personnel de Bereskin &amp; Parr (parfois appel\u00e9s \u00ab nous \u00bb, \u00ab notre \u00bb ou \u00ab nos \u00bb) s\u2019engagent \u00e0 prot\u00e9ger votre vie priv\u00e9e. Cette politique de confidentialit\u00e9 d\u00e9crit comment nous traitons vos informations personnelles \u00e0 cette fin.<\/p>\n\n\n\n<p>Veuillez lire attentivement la pr\u00e9sente Politique de confidentialit\u00e9 car elle d\u00e9crit comment nous recueillons, utilisons, divulguons et traitons vos informations personnelles par le biais de notre site Web, de nos produits et services (collectivement, les \u00ab Services \u00bb) et les types d\u2019informations personnelles que nous pouvons d\u00e9tenir \u00e0 votre sujet lorsque vous interagissez avec nous ou lorsque des tiers nous fournissent vos informations.&nbsp;Elle explique \u00e9galement comment nous prot\u00e9geons vos renseignements personnels, les choix que vous avez concernant une telle utilisation et divulgation et comment vous pouvez acc\u00e9der \u00e0 vos renseignements personnels et les corriger. En tant que&nbsp;cabinet de services professionnels, nous avons des obligations professionnelles et \u00e9thiques de garder confidentielles les renseignements que nous recevons dans le contexte d\u2019une relation avocat-client et agent-client. En faisant affaire avec nous, en acc\u00e9dant \u00e0 notre site Web, en utilisant nos Services ou autrement en nous fournissant vos informations personnelles, vous consentez aux pratiques d\u00e9crites dans la pr\u00e9sente politique de confidentialit\u00e9.<\/p>\n\n\n\n<p>Nous pouvons modifier cette politique de confidentialit\u00e9 de temps \u00e0 autre en la publiant sur notre site Web \u00e0 l\u2019adresse <a href=\"https:\/\/fr.bereskinparr.com\/politique-de-confidentialit\">https:\/\/fr.bereskinparr.com\/politique-de-confidentialit<\/a> (\u00ab&nbsp;<strong>Site Web<\/strong>&nbsp;\u00bb). Nous vous encourageons \u00e0 consulter p\u00e9riodiquement notre site pour vous assurer que vous \u00eates au fait de notre politique mise \u00e0 jour.<\/p>\n\n\n\n<ol>\n<li><strong>Quels renseignements personnels recueillons-nous ?<\/strong><br>Les renseignements personnels sont d\u00e9finis comme des renseignements concernant une personne identifiable, mais ne comprennent pas le nom, le titre ou l\u2019adresse ou le num\u00e9ro de t\u00e9l\u00e9phone d\u2019affaires d\u2019un employ\u00e9 d\u2019une organisation. En d\u2019autres termes, ils n\u2019incluent pas les informations que l\u2019on s\u2019attend \u00e0 trouver sur une carte de visite.<br><br>Nous pouvons recueillir des renseignements personnels de plusieurs fa\u00e7ons dans le cadre de nos relations avec vous. Nous limitons la collecte, l\u2019utilisation et la communication des renseignements personnels \u00e0 ce qui est n\u00e9cessaire pour atteindre les fins pour lesquelles ils ont \u00e9t\u00e9 recueillis. Les types d\u2019informations que nous pouvons demander d\u00e9pendent de la nature de votre interaction avec nous. Ces informations peuvent inclure :\n<ol>\n<li><strong>Identit\u00e9 et informations sur les informations<\/strong>&nbsp;<strong>:<\/strong>&nbsp;telles que votre nom, votre adresse postale, votre num\u00e9ro de t\u00e9l\u00e9phone, votre pays de r\u00e9sidence, votre profession, votre adresse courriel, votre fonction, une pi\u00e8ce d\u2019identit\u00e9 \u00e9mise par le gouvernement telle qu\u2019un passeport ou un permis de conduire valide, ainsi que d\u2019autres documents ou moyens de confirmer votre identit\u00e9. &nbsp;&nbsp;<\/li>\n\n\n\n<li><strong>&nbsp;Informations<\/strong>&nbsp;<strong>financi\u00e8res&nbsp;<\/strong>: telles que les informations de paiement, bancaires et de facturation.<\/li>\n\n\n\n<li><strong>Informations pertinentes pour nos Services juridiques :&nbsp;<\/strong>telles que les informations personnelles li\u00e9es \u00e0 vos questions juridiques et fournies dans le cadre de notre relation avec vous pertinentes \u00e0 tout litige ou conseil juridique que vous nous avez demand\u00e9 de vous fournir.<\/li>\n\n\n\n<li><strong>Informations sur la formation professionnelle :<\/strong>&nbsp;telles que les informations sur la formation ou d\u2019autres informations incluses dans votre CV ou curriculum vitae que vous nous fournissez dans le cadre de nos activit\u00e9s de recrutement. &nbsp;<\/li>\n\n\n\n<li><strong>&nbsp;Informations<\/strong>&nbsp;<strong>marketing :<\/strong>&nbsp;telles que les informations que vous nous fournissez pour vous abonner \u00e0 nos newsletters, ou \u00eatre inclus dans nos listes de diffusion et recevoir des invitations \u00e0 des \u00e9v\u00e9nements ou des sondages ou enqu\u00eates facultatives.<\/li>\n\n\n\n<li><strong>Informations sur la sant\u00e9 :&nbsp;<\/strong>telles que les besoins alimentaires et les exigences en mati\u00e8re d\u2019accessibilit\u00e9 pour la participation aux \u00e9v\u00e9nements.<\/li>\n\n\n\n<li><strong>Informations techniques et d\u2019utilisation:&nbsp;<\/strong>telles que des informations sur votre navigateur et votre appareil, telles que vos param\u00e8tres de langue, votre adresse de protocole Internet (\u00ab&nbsp;IP&nbsp;\u00bb), le type de syst\u00e8me d\u2019exploitation, le type de navigateur, l\u2019identifiant unique de l\u2019appareil et les informations de journal ou les informations collect\u00e9es \u00e0 l\u2019aide de cookies ou d\u2019autres technologies de suivi, telles que Google Analytics, concernant votre activit\u00e9 sur notre &nbsp;site Web, y compris les pages consult\u00e9es, le temps d\u2019acc\u00e8s et l\u2019interactions avec les pages. Comme la plupart des autres sites commerciaux, nous pouvons surveiller les mod\u00e8les de trafic, l\u2019utilisation du site et les informations connexes du site afin d\u2019optimiser votre visite sur notre site Web. Vous devez savoir que nous utilisons des \u00ab&nbsp;cookies&nbsp;\u00bb, qui sont de petits fichiers contenant des informations sur votre visite sur notre site Web. Nous utilisons des cookies pour m\u00e9moriser vos pr\u00e9f\u00e9rences d\u2019utilisation, y compris votre pr\u00e9f\u00e9rence linguistique, et pour vous permettre d\u2019utiliser et d\u2019explorer plus facilement et plus rapidement notre site Web. Si vous ne souhaitez pas que des cookies soient utilis\u00e9s, les options de votre navigateur peuvent \u00eatre configur\u00e9es pour refuser les cookies ou pour supprimer les cookies d\u00e9j\u00e0 stock\u00e9s sur votre ordinateur.<br><br><\/li>\n<\/ol>\n<\/li>\n\n\n\n<li><strong>Quelles sont les fins pour lesquelles nous recueillons et utilisons ces renseignements personnels ?<\/strong><br>Nous recueillons, utilisons, divulguons et traitons vos informations personnelles aux fins suivantes :\n<ol>\n<li>\u00c9tablir votre identit\u00e9 pour effectuer des recherches en cas de conflit afin de confirmer que nous sommes en mesure de vous repr\u00e9senter et de nous conformer aux exigences en mati\u00e8re de lutte contre le blanchiment d\u2019argent et \u00e0 d\u2019autres obligations l\u00e9gales.<\/li>\n\n\n\n<li>Fournir nos Services et mener nos activit\u00e9s, y compris l\u2019administration, la gestion et l\u2019ex\u00e9cution de nos Services juridiques \u00e0 votre \u00e9gard.<\/li>\n\n\n\n<li>\u00c0 des fins de marketing, telles que fournir des informations sur les produits et les Services que vous avez demand\u00e9s et susceptibles de vous int\u00e9resser, vous envoyer nos bulletins d\u2019information, mises \u00e0 jour juridiques, d\u00e9tails d\u2019\u00e9v\u00e9nements, invitations, sondages ou autres communications marketing conform\u00e9ment \u00e0 la LCAP. Vous pouvez choisir de ne plus recevoir de tels messages \u00e0 tout moment.<\/li>\n\n\n\n<li>Se conformer aux lois et exigences r\u00e9glementaires applicables, y compris les exigences de diligence raisonnable.<\/li>\n\n\n\n<li>\u00c9valuer et g\u00e9rer nos risques, nos op\u00e9rations et notre relation avec vous.<\/li>\n\n\n\n<li>Vous prot\u00e9ger et nous prot\u00e9ger contre la fraude ou l\u2019erreur.<\/li>\n\n\n\n<li>Nous aider \u00e0 recouvrer une dette ou \u00e0 ex\u00e9cuter une obligation que vous nous devez.<\/li>\n\n\n\n<li>Analyser, maintenir, surveiller et am\u00e9liorer nos produits et Services.<\/li>\n\n\n\n<li>Consid\u00e9rer votre candidature pour un emploi et r\u00e9pondre \u00e0 votre demande.<\/li>\n\n\n\n<li>Personnaliser votre exp\u00e9rience sur notre site Website en fonction de vos pr\u00e9f\u00e9rences et de vos int\u00e9r\u00eats.<br><br><\/li>\n<\/ol>\n<\/li>\n\n\n\n<li><strong>Comment recueillons-nous les renseignements personnels ?<\/strong><br>Aux fins \u00e9nonc\u00e9es ci-dessus, nous pouvons recueillir des renseignements personnels de plusieurs fa\u00e7ons, notamment :\n<ol>\n<li>Directement aupr\u00e8s de vous, y compris par le biais de votre interaction avec nous, par exemple lorsque vous demandez des conseils juridiques, vous vous inscrivez \u00e0 nos \u00e9v\u00e9nements, vous abonnez \u00e0 nos communications marketing ou postulez un emploi.<\/li>\n\n\n\n<li>De tiers tels que des institutions financi\u00e8res ou d\u2019autres organisations avec lesquelles vous pouvez avoir des relations.<\/li>\n\n\n\n<li>Sources accessibles au public.<\/li>\n\n\n\n<li>Par le biais de notre site Website utilisant des cookies ou d\u2019autres technologies de suivi.<br><br><\/li>\n<\/ol>\n<\/li>\n\n\n\n<li><strong>Avec qui partageons-nous vos informations personnelles ?<\/strong><br>En tant que cabinet de services professionnels, nous avons des obligations professionnelles et \u00e9thiques strictes de garder confidentielles les informations que nous recevons dans le contexte d\u2019une relation avocat-client et agent-client. Aux fins \u00e9nonc\u00e9es ci-dessus, vos renseignements personnels peuvent \u00eatre partag\u00e9s avec et entre l\u2019un de nos bureaux. Dans le strict respect de nos obligations de confidentialit\u00e9, le cas \u00e9ch\u00e9ant, aux fins \u00e9nonc\u00e9es ci-dessus, nous pouvons \u00e9galement divulguer vos renseignements personnels \u00e0 :<br>\n<ol>\n<li>Nos employ\u00e9s, agents, soci\u00e9t\u00e9s affili\u00e9es et filiales.<\/li>\n\n\n\n<li>Experts, t\u00e9moins, consultants, traducteurs, m\u00e9diateurs, arbitres, correspondants \u00e9trangers et autres conseillers tiers, et autres tiers, y compris les parties adverses, les avocats adverses et les parties int\u00e9ress\u00e9es, comme requis pour vous fournir les Services.<\/li>\n\n\n\n<li>Fournisseurs de services tiers pour traiter les informations personnelles en notre nom, tels que notre fournisseur de stockage de donn\u00e9es et d\u2019infonuagique.<\/li>\n\n\n\n<li>Cours et tribunaux et autres d\u00e9cideurs.<\/li>\n\n\n\n<li>Les organismes gouvernementaux et les autorit\u00e9s charg\u00e9es de l\u2019application de la loi ou de la r\u00e9glementation lorsque la loi l\u2019exige.<\/li>\n\n\n\n<li>Nos assureurs et conseillers juridiques externes.<\/li>\n\n\n\n<li>En cas de fusion, d\u2019acquisition, de vente ou de r\u00e9organisation, ou de potentiel de fusion, nous pouvons transf\u00e9rer les informations personnelles que nous d\u00e9tenons \u00e0 des tiers dans la mesure o\u00f9 les informations personnelles sont n\u00e9cessaires \u00e0 l\u2019ex\u00e9cution de l\u2019entreprise ou de l\u2019activit\u00e9 qui a fait l\u2019objet de la transaction. &nbsp;&nbsp;<\/li>\n\n\n\n<li>Tiers, conform\u00e9ment \u00e0 vos demandes.<br><br>Nous ne vendons pas vos informations personnelles \u00e0 des tiers.<br><br><\/li>\n<\/ol>\n<\/li>\n\n\n\n<li><strong>O\u00f9 stockons-nous vos informations personnelles ?<\/strong><br>Nous pouvons transf\u00e9rer les renseignements personnels que nous recueillons \u00e0 votre sujet \u00e0 l\u2019ext\u00e9rieur du Canada, y compris aux \u00c9tats-Unis, aux fins \u00e9nonc\u00e9es ci-dessus et dans la politique de confidentialit\u00e9, y compris pour le traitement par nos fournisseurs de stockage de donn\u00e9es et d\u2019infonuagique. Nos soci\u00e9t\u00e9s affili\u00e9es et fournisseurs de services peuvent effectuer des activit\u00e9s de traitement \u00e0 l\u2019ext\u00e9rieur du Canada.<br><br>Nous et nos fournisseurs de services pouvons \u00eatre tenus de divulguer vos informations personnelles aux tribunaux, aux autorit\u00e9s gouvernementales, aux autorit\u00e9s charg\u00e9es de l\u2019application de la loi ou aux autorit\u00e9s r\u00e9glementaires du pays o\u00f9 les informations personnelles sont stock\u00e9es en r\u00e9ponse \u00e0 une requ\u00eate ou \u00e0 une demande valide conform\u00e9ment aux lois applicables. Nous exigeons de tous nos fournisseurs de services tiers et soci\u00e9t\u00e9s affili\u00e9es qu\u2019ils mettent en \u0153uvre et maintiennent des mesures techniques et organisationnelles pour prot\u00e9ger vos renseignements personnels d\u2019une mani\u00e8re conforme \u00e0 notre politique de confidentialit\u00e9 et \u00e0 nos normes de confidentialit\u00e9.<br><br><\/li>\n\n\n\n<li><strong>Pendant combien de temps utiliserons-nous, divulguerons-nous et conserverons-nous vos renseignements personnels ?<\/strong><br>Nous ne conserverons vos renseignements personnels qu\u2019aussi longtemps que n\u00e9cessaire pour atteindre les fins pour lesquelles ils ont \u00e9t\u00e9 recueillis, ou tel que requis par la loi. \u00c0 l\u2019expiration de la p\u00e9riode de conservation applicable, nous d\u00e9truirons vos informations personnelles en toute s\u00e9curit\u00e9 ou les rendrons anonymes.<br><br><\/li>\n\n\n\n<li><strong>Comment prot\u00e9geons-nous vos renseignements personnels ?<\/strong><br>Nous utilisons diverses mesures de protection pour nous assurer que vos informations personnelles sont prot\u00e9g\u00e9es contre la perte, le vol, l\u2019utilisation abusive, l\u2019acc\u00e8s non autoris\u00e9, la divulgation, la copie, l\u2019alt\u00e9ration ou la destruction. Ceux-ci incluent, mais ne sont pas limit\u00e9s \u00e0 : la s\u00e9curit\u00e9 de nos locaux physiques ; nos obligations professionnelles ; des logiciels de s\u00e9curit\u00e9 et pare-feu pour emp\u00eacher l\u2019acc\u00e8s non autoris\u00e9 \u00e0 nos syst\u00e8mes informatiques ; et les mots de passe internes qui restreignent l\u2019acc\u00e8s \u00e0 nos fichiers \u00e9lectroniques.<br><br><\/li>\n\n\n\n<li><strong>Exactitude de vos informations<\/strong><br>Il est important que les renseignements que nous avons dans nos dossiers soient exacts et \u00e0 jour. Si, au cours de la r\u00e9tention, l\u2019une de vos informations change, veuillez nous en informer afin que nous puissions apporter les modifications n\u00e9cessaires. Nous pouvons \u00e9galement vous demander de temps \u00e0 autre si vos informations personnelles sont \u00e0 jour.<br><br><\/li>\n\n\n\n<li><strong>Comment pouvez-vous acc\u00e9der \u00e0 vos renseignements personnels et les mettre \u00e0 jour ?<\/strong><br>Vous avez le droit de contester l\u2019exactitude et l\u2019exhaustivit\u00e9 de vos renseignements personnels et de les faire modifier, le cas \u00e9ch\u00e9ant. Vous avez \u00e9galement le droit de demander l\u2019acc\u00e8s \u00e0 vos renseignements personnels et de recevoir un compte rendu de la fa\u00e7on dont ces renseignements ont \u00e9t\u00e9 utilis\u00e9s et divulgu\u00e9s, sous r\u00e9serve de certaines exceptions pr\u00e9vues par la loi. Pour traiter votre demande, nous pouvons vous demander de nous fournir des informations pour v\u00e9rifier votre identit\u00e9 et confirmer la port\u00e9e de votre demande. Sous r\u00e9serve de restrictions l\u00e9gales ou de droits de refus sp\u00e9cifiques, nous vous informerons de l\u2019existence, de l\u2019utilisation et de la divulgation de renseignements personnels vous concernant et vous donnerons acc\u00e8s \u00e0 ces renseignements.<br><br>Pour demander l\u2019acc\u00e8s ou la modification de vos renseignements personnels, veuillez communiquer avec l\u2019avocat ou l\u2019agent avec lequel vous correspondez habituellement ou \u00e9crire \u00e0 notre agent de la protection de la vie priv\u00e9e \u00e0 l\u2019adresse ci-dessous.<br><br><\/li>\n\n\n\n<li><strong>Liens vers d\u2019autres sites Web<\/strong><br>Notre site Web peut contenir des liens vers des sites Web externes. Veuillez noter que nous ne sommes pas responsables des pratiques de confidentialit\u00e9 des tiers, et nous vous recommandons fortement de consulter les politiques de confidentialit\u00e9 de ces tiers avant de leur divulguer des informations personnelles.<br><br><\/li>\n\n\n\n<li><strong>Vie priv\u00e9e des enfants<\/strong><br>Nous reconnaissons l\u2019importance de prot\u00e9ger la vie priv\u00e9e des enfants et nous ne recueillons pas sciemment de renseignements personnels aupr\u00e8s d\u2019enfants. Notre site Web n\u2019est pas destin\u00e9 aux personnes n\u2019ayant pas atteint l\u2019\u00e2ge l\u00e9gal de la majorit\u00e9. Si nous apprenons que nous avons recueilli des informations personnelles d\u2019enfants, nous prendrons des mesures raisonnables pour localiser et supprimer ces informations personnelles.<br><br><\/li>\n\n\n\n<li><strong>Retrait du consentement<\/strong><br>Vous pouvez retirer votre consentement \u00e0 la collecte, \u00e0 l\u2019utilisation et \u00e0 la divulgation de vos renseignements personnels en tout temps, sous r\u00e9serve de restrictions l\u00e9gales et\/ou contractuelles et moyennant un pr\u00e9avis raisonnable. Le retrait de votre consentement \u00e0 la collecte, \u00e0 l\u2019utilisation et \u00e0 la divulgation de vos renseignements personnels peut avoir une incidence sur notre capacit\u00e9 \u00e0 vous repr\u00e9senter et \u00e0 vous fournir des conseils juridiques. Vous pouvez nous demander de ne pas vous envoyer de communications marketing en suivant les instructions de d\u00e9sinscription dans chaque communication ou vous pouvez nous le faire savoir en contactant notre service marketing \u00e0 <a href=\"mailto:marketing@bereskinparr.com\">marketing@bereskinparr.com<\/a>.<br><br><\/li>\n\n\n\n<li><strong>Comment nous contacter ?<\/strong><br>Si vous avez des questions ou des plaintes concernant la pr\u00e9sente politique de confidentialit\u00e9 ou le traitement de vos renseignements personnels, si vous souhaitez retirer votre consentement \u00e0 l\u2019utilisation de vos renseignements personnels, ou demander l\u2019acc\u00e8s ou la mise \u00e0 jour de toute information que nous avons dans nos dossiers, veuillez communiquer avec l\u2019avocat ou l\u2019agent avec lequel vous traitez, ou communiquez avec notre agent de la protection de la vie priv\u00e9e :<br><br>Responsable de la protection de la vie priv\u00e9e &#8211; <a href=\"mailto:privacyofficer@bereskinparr.com\">privacyofficer@bereskinparr.com<\/a><br><br>Bereskin &amp; Parr<br>40, rue King Ouest<br>40e \u00e9tage<br>Toronto (Ontario)<br>M5H 3Y2<br><br>Nous r\u00e9pondrons aux demandes de renseignements concernant nos politiques et nos pratiques relatives au traitement de vos informations personnelles. Nous enqu\u00eaterons sur toutes les plaintes et r\u00e9pondrons rapidement \u00e0 toute demande \u00e9crite. Si la plainte est jug\u00e9e justifi\u00e9e, nous prendrons les mesures appropri\u00e9es pour la r\u00e9soudre, y compris, si n\u00e9cessaire, la modification de la pr\u00e9sente politique et de nos proc\u00e9dures.<br><br><\/li>\n<\/ol>\n\n\n\n<p><em>Mise \u00e0 jour [Mars, 2023]<\/em><\/p>\n","protected":false},"excerpt":{"rendered":"<p>Bereskin &amp; Parr S.E.N.C.R.L., s.r.l. est un cabinet sp\u00e9cialis\u00e9 en droit de la propri\u00e9t\u00e9 intellectuelle ayant des bureaux en Ontario (Toronto, Mississauga et la r\u00e9gion de Waterloo) et au Qu\u00e9bec (Montr\u00e9al). Les avocats, les agents de brevets et de marques de commerce et le personnel de Bereskin &amp; Parr (parfois appel\u00e9s \u00ab nous \u00bb, \u00ab [&hellip;]<\/p>\n","protected":false},"author":3,"featured_media":329,"parent":0,"menu_order":0,"comment_status":"closed","ping_status":"open","template":"page-toplevel.php","meta":[],"_links":{"self":[{"href":"https:\/\/internal.bandp.sandbox.59aps.com\/fr\/wp-json\/wp\/v2\/pages\/5953"}],"collection":[{"href":"https:\/\/internal.bandp.sandbox.59aps.com\/fr\/wp-json\/wp\/v2\/pages"}],"about":[{"href":"https:\/\/internal.bandp.sandbox.59aps.com\/fr\/wp-json\/wp\/v2\/types\/page"}],"author":[{"embeddable":true,"href":"https:\/\/internal.bandp.sandbox.59aps.com\/fr\/wp-json\/wp\/v2\/users\/3"}],"replies":[{"embeddable":true,"href":"https:\/\/internal.bandp.sandbox.59aps.com\/fr\/wp-json\/wp\/v2\/comments?post=5953"}],"version-history":[{"count":5,"href":"https:\/\/internal.bandp.sandbox.59aps.com\/fr\/wp-json\/wp\/v2\/pages\/5953\/revisions"}],"predecessor-version":[{"id":6502,"href":"https:\/\/internal.bandp.sandbox.59aps.com\/fr\/wp-json\/wp\/v2\/pages\/5953\/revisions\/6502"}],"wp:featuredmedia":[{"embeddable":true,"href":"https:\/\/internal.bandp.sandbox.59aps.com\/fr\/wp-json\/wp\/v2\/media\/329"}],"wp:attachment":[{"href":"https:\/\/internal.bandp.sandbox.59aps.com\/fr\/wp-json\/wp\/v2\/media?parent=5953"}],"curies":[{"name":"wp","href":"https:\/\/api.w.org\/{rel}","templated":true}]}}