{"id":5947,"date":"2023-05-18T15:38:10","date_gmt":"2023-05-18T15:38:10","guid":{"rendered":"https:\/\/dev.bandp.sandbox.59aps.com\/?page_id=5947"},"modified":"2023-05-20T21:36:27","modified_gmt":"2023-05-20T21:36:27","slug":"accessibilite","status":"publish","type":"page","link":"https:\/\/internal.bandp.sandbox.59aps.com\/fr\/accessibilite\/","title":{"rendered":"Accessibilit\u00e9"},"content":{"rendered":"\n<p>Lorsqu\u2019il fournit ses services, Bereskin &amp; Parr S.E.N.C.R.L., s.r.l. (le \u00ab cabinet \u00bb) s\u2019engage \u00e0 respecter des principes de dignit\u00e9, d\u2019autonomie, d\u2019int\u00e9gration et d\u2019\u00e9galit\u00e9 des chances.&nbsp;&nbsp;<\/p>\n\n\n\n<p>Si le cabinet prend connaissance que de perturbations temporaires affecteront l\u2019accessibilit\u00e9 des installations ou services qui permettent aux personnes handicap\u00e9es d\u2019avoir acc\u00e8s aux services du cabinet, il publiera un avis \u00e0 cet effet dans cette section de son site Web.&nbsp;<\/p>\n\n\n\n<p>Nos clients sont tr\u00e8s importants pour nous et nous mettons tout en \u0153uvre pour r\u00e9pondre aux besoins de tous. Nous accueillons donc avec enthousiasme tous les commentaires ayant trait la prestation des services \u00e0 la client\u00e8le de Bereskin &amp; Parr et nous vous invitons \u00e0 remplir apr\u00e8s votre visite le formulaire que vous trouverez ci-dessous. Ces commentaires pourraient nous faire part de renseignements et de points de vue qui nous permettraient d\u2019am\u00e9liorer nos services et de mieux r\u00e9pondre aux besoins de nos clients handicap\u00e9s.&nbsp;&nbsp;<\/p>\n\n\n\n<p>Vous pouvez aussi transmettre vos observations en personne ou par t\u00e9l\u00e9phone au Service des ressources humaines en communiquant avec la gestionnaire du Service des ressources humaines au  416 957-1162.\u00a0\u00a0<\/p>\n\n\n\n<p>Si un client exp\u00e9die des commentaires en bonne et due forme, nous accuserons r\u00e9ception de ceux-ci en utilisant le m\u00eame m\u00e9dia que celui dans lequel ces commentaires nous sont parvenus et ce, dans un d\u00e9lai maximal de cinq (5) jours ouvrables, et nous profiterons de l\u2019occasion pour l\u2019informer des actions prises \u00e0 cet effet. Vous pouvez obtenir un exemplaire de la Politique en mati\u00e8re d\u2019accessibilit\u00e9 des services \u00e0 la client\u00e8le du cabinet en faisant parvenir un courriel \u00e0\u00a0<a href=\"mailto:accessibility@bereskinparr.com\">accessibility@bereskinparr.com<\/a>.\u00a0<\/p>\n\n\n\n<p><\/p>\n\n\n\n<p><strong>Commentaires<\/strong><\/p>\n\n\n\n<p>Pour faire parvenir des commentaires, veuillez remplir le formulaire \u00e9lectronique que vous trouverez ci-dessous. Si vous d\u00e9sirez obtenir une copie de ce formulaire en caract\u00e8res Arial 20 points, veuillez&nbsp;<a href=\"http:\/\/www.bereskinparr.com\/files\/file\/AccessibilityFeedbackFormFrench.pdf\">cliquer ici<\/a>. Le formulaire d\u00fbment rempli peut \u00eatre envoy\u00e9 par courriel \u00e0 :&nbsp;<a href=\"mailto:accessibility@bereskinparr.com\">accessibility@bereskinparr.com<\/a>, remis en personne \u00e0 un de nos bureaux, ou post\u00e9 \u00e0 l\u2019adresse suivante :&nbsp;<\/p>\n\n\n\n<p>40, rue King Ouest<br>Scotia Plaza, 40e \u00e9tage<br>Toronto (Ontario)&nbsp; M5H 3Y2&nbsp;<\/p>\n\n\n\n<p>Nous vous remercions de vos commentaires.<\/p>\n","protected":false},"excerpt":{"rendered":"<p>Lorsqu\u2019il fournit ses services, Bereskin &amp; Parr S.E.N.C.R.L., s.r.l. (le \u00ab cabinet \u00bb) s\u2019engage \u00e0 respecter des principes de dignit\u00e9, d\u2019autonomie, d\u2019int\u00e9gration et d\u2019\u00e9galit\u00e9 des chances.&nbsp;&nbsp; Si le cabinet prend connaissance que de perturbations temporaires affecteront l\u2019accessibilit\u00e9 des installations ou services qui permettent aux personnes handicap\u00e9es d\u2019avoir acc\u00e8s aux services du cabinet, il publiera un [&hellip;]<\/p>\n","protected":false},"author":3,"featured_media":329,"parent":0,"menu_order":0,"comment_status":"closed","ping_status":"closed","template":"page-toplevel.php","meta":[],"_links":{"self":[{"href":"https:\/\/internal.bandp.sandbox.59aps.com\/fr\/wp-json\/wp\/v2\/pages\/5947"}],"collection":[{"href":"https:\/\/internal.bandp.sandbox.59aps.com\/fr\/wp-json\/wp\/v2\/pages"}],"about":[{"href":"https:\/\/internal.bandp.sandbox.59aps.com\/fr\/wp-json\/wp\/v2\/types\/page"}],"author":[{"embeddable":true,"href":"https:\/\/internal.bandp.sandbox.59aps.com\/fr\/wp-json\/wp\/v2\/users\/3"}],"replies":[{"embeddable":true,"href":"https:\/\/internal.bandp.sandbox.59aps.com\/fr\/wp-json\/wp\/v2\/comments?post=5947"}],"version-history":[{"count":1,"href":"https:\/\/internal.bandp.sandbox.59aps.com\/fr\/wp-json\/wp\/v2\/pages\/5947\/revisions"}],"predecessor-version":[{"id":5948,"href":"https:\/\/internal.bandp.sandbox.59aps.com\/fr\/wp-json\/wp\/v2\/pages\/5947\/revisions\/5948"}],"wp:featuredmedia":[{"embeddable":true,"href":"https:\/\/internal.bandp.sandbox.59aps.com\/fr\/wp-json\/wp\/v2\/media\/329"}],"wp:attachment":[{"href":"https:\/\/internal.bandp.sandbox.59aps.com\/fr\/wp-json\/wp\/v2\/media?parent=5947"}],"curies":[{"name":"wp","href":"https:\/\/api.w.org\/{rel}","templated":true}]}}