{"id":5943,"date":"2023-05-18T15:36:50","date_gmt":"2023-05-18T15:36:50","guid":{"rendered":"https:\/\/dev.bandp.sandbox.59aps.com\/?page_id=5943"},"modified":"2023-05-20T21:23:13","modified_gmt":"2023-05-20T21:23:13","slug":"confidentialite-et-mandat","status":"publish","type":"page","link":"https:\/\/internal.bandp.sandbox.59aps.com\/fr\/confidentialite-et-mandat\/","title":{"rendered":"Confidentialit\u00e9 et Mandat"},"content":{"rendered":"\n<p>Si vous n&#8217;\u00eates pas actuellement client de Bereskin &amp; Parr S.E.N.C.R.L., s.r.l., veuillez ne pas nous transmettre d\u2019information \u00e0 caract\u00e8re confidentiel ou que vous ou un tiers consid\u00e9rez confidentielle. Vous ne deviendrez client du cabinet que lorsque nous aurons confirm\u00e9 par \u00e9crit que nous acceptons de vous repr\u00e9senter. Toute information transmise alors que vous n&#8217;\u00eates pas client du cabinet ne sera pas trait\u00e9e de fa\u00e7on confidentielle.<\/p>\n","protected":false},"excerpt":{"rendered":"<p>Si vous n&#8217;\u00eates pas actuellement client de Bereskin &amp; Parr S.E.N.C.R.L., s.r.l., veuillez ne pas nous transmettre d\u2019information \u00e0 caract\u00e8re confidentiel ou que vous ou un tiers consid\u00e9rez confidentielle. Vous ne deviendrez client du cabinet que lorsque nous aurons confirm\u00e9 par \u00e9crit que nous acceptons de vous repr\u00e9senter. Toute information transmise alors que vous n&#8217;\u00eates [&hellip;]<\/p>\n","protected":false},"author":3,"featured_media":329,"parent":0,"menu_order":0,"comment_status":"closed","ping_status":"closed","template":"page-toplevel.php","meta":[],"_links":{"self":[{"href":"https:\/\/internal.bandp.sandbox.59aps.com\/fr\/wp-json\/wp\/v2\/pages\/5943"}],"collection":[{"href":"https:\/\/internal.bandp.sandbox.59aps.com\/fr\/wp-json\/wp\/v2\/pages"}],"about":[{"href":"https:\/\/internal.bandp.sandbox.59aps.com\/fr\/wp-json\/wp\/v2\/types\/page"}],"author":[{"embeddable":true,"href":"https:\/\/internal.bandp.sandbox.59aps.com\/fr\/wp-json\/wp\/v2\/users\/3"}],"replies":[{"embeddable":true,"href":"https:\/\/internal.bandp.sandbox.59aps.com\/fr\/wp-json\/wp\/v2\/comments?post=5943"}],"version-history":[{"count":1,"href":"https:\/\/internal.bandp.sandbox.59aps.com\/fr\/wp-json\/wp\/v2\/pages\/5943\/revisions"}],"predecessor-version":[{"id":5944,"href":"https:\/\/internal.bandp.sandbox.59aps.com\/fr\/wp-json\/wp\/v2\/pages\/5943\/revisions\/5944"}],"wp:featuredmedia":[{"embeddable":true,"href":"https:\/\/internal.bandp.sandbox.59aps.com\/fr\/wp-json\/wp\/v2\/media\/329"}],"wp:attachment":[{"href":"https:\/\/internal.bandp.sandbox.59aps.com\/fr\/wp-json\/wp\/v2\/media?parent=5943"}],"curies":[{"name":"wp","href":"https:\/\/api.w.org\/{rel}","templated":true}]}}