{"id":37,"date":"2023-01-12T18:40:02","date_gmt":"2023-01-12T18:40:02","guid":{"rendered":"https:\/\/dev.bandp.sandbox.59aps.com\/peoplefr\/"},"modified":"2023-06-16T01:11:16","modified_gmt":"2023-06-16T01:11:16","slug":"equipe","status":"publish","type":"page","link":"https:\/\/internal.bandp.sandbox.59aps.com\/fr\/equipe\/","title":{"rendered":"\u00c9quipe"},"content":{"rendered":"\n<h2>Vos partenaires en mati\u00e8re de PI<\/h2>\n\n\n\n<p>Chez Bereskin &amp; Parr, votre r\u00e9ussite est notre r\u00e9ussite. Nous travaillerons avec vous pour comprendre votre vision, faire rayonner votre g\u00e9nie et atteindre vos objectifs. Nous sommes \u00e9galement fiers d\u2019\u00e9laborer des solutions rentables adapt\u00e9es \u00e0 vos besoins uniques.<\/p>\n\n\n\n<p>Notre \u00e9quipe diversifi\u00e9e de sp\u00e9cialistes de la PI de Bereskin &amp; Par est pr\u00eate \u00e0 vous aider \u00e0 prot\u00e9ger, \u00e0 faire cro\u00eetre et \u00e0 rentabiliser votre propri\u00e9t\u00e9 intellectuelle au Canada, aux \u00c9tats-Unis et dans le monde entier. Gr\u00e2ce \u00e0 plus de 80 avocats, agents de brevets et agents de marques, nous vous donnons acc\u00e8s \u00e0 une solide expertise technique, juridique et strat\u00e9gique dans tous les domaines du droit des technologies et de la propri\u00e9t\u00e9 intellectuelle, qui nous a valu notre r\u00e9putation de chef de file mondial.<\/p>\n\n\n\n<p>Prenez contact pour savoir comment nous pouvons travailler ensemble pour prot\u00e9ger vos actifs intellectuels et cr\u00e9er de la valeur pour votre entreprise.<\/p>\n\n\n\n<p>     <\/p>\n","protected":false},"excerpt":{"rendered":"<p>Vos partenaires en mati\u00e8re de PI Chez Bereskin &amp; Parr, votre r\u00e9ussite est notre r\u00e9ussite. Nous travaillerons avec vous pour comprendre votre vision, faire rayonner votre g\u00e9nie et atteindre vos objectifs. Nous sommes \u00e9galement fiers d\u2019\u00e9laborer des solutions rentables adapt\u00e9es \u00e0 vos besoins uniques. Notre \u00e9quipe diversifi\u00e9e de sp\u00e9cialistes de la PI de Bereskin &amp; [&hellip;]<\/p>\n","protected":false},"author":1,"featured_media":5848,"parent":0,"menu_order":0,"comment_status":"closed","ping_status":"closed","template":"","meta":[],"_links":{"self":[{"href":"https:\/\/internal.bandp.sandbox.59aps.com\/fr\/wp-json\/wp\/v2\/pages\/37"}],"collection":[{"href":"https:\/\/internal.bandp.sandbox.59aps.com\/fr\/wp-json\/wp\/v2\/pages"}],"about":[{"href":"https:\/\/internal.bandp.sandbox.59aps.com\/fr\/wp-json\/wp\/v2\/types\/page"}],"author":[{"embeddable":true,"href":"https:\/\/internal.bandp.sandbox.59aps.com\/fr\/wp-json\/wp\/v2\/users\/1"}],"replies":[{"embeddable":true,"href":"https:\/\/internal.bandp.sandbox.59aps.com\/fr\/wp-json\/wp\/v2\/comments?post=37"}],"version-history":[{"count":4,"href":"https:\/\/internal.bandp.sandbox.59aps.com\/fr\/wp-json\/wp\/v2\/pages\/37\/revisions"}],"predecessor-version":[{"id":6124,"href":"https:\/\/internal.bandp.sandbox.59aps.com\/fr\/wp-json\/wp\/v2\/pages\/37\/revisions\/6124"}],"wp:featuredmedia":[{"embeddable":true,"href":"https:\/\/internal.bandp.sandbox.59aps.com\/fr\/wp-json\/wp\/v2\/media\/5848"}],"wp:attachment":[{"href":"https:\/\/internal.bandp.sandbox.59aps.com\/fr\/wp-json\/wp\/v2\/media?parent=37"}],"curies":[{"name":"wp","href":"https:\/\/api.w.org\/{rel}","templated":true}]}}